{"id":2,"date":"2010-09-21T11:07:05","date_gmt":"2010-09-21T11:07:05","guid":{"rendered":"http:\/\/www.heidrun-buecker.de\/?page_id=2"},"modified":"2020-01-29T17:51:14","modified_gmt":"2020-01-29T16:51:14","slug":"eine-seite","status":"publish","type":"page","link":"http:\/\/www.heidrun-buecker.de\/?page_id=2","title":{"rendered":"Biografie"},"content":{"rendered":"<p><a href=\"http:\/\/www.heidrun-buecker.de\/wp-content\/uploads\/2010\/09\/IMG_9964.jpg\"><img loading=\"lazy\" class=\"alignleft size-large wp-image-173\" title=\"IMG_9964\" src=\"http:\/\/www.heidrun-buecker.de\/wp-content\/uploads\/2010\/09\/IMG_9964-682x1024.jpg\" alt=\"\" width=\"245\" height=\"368\" srcset=\"http:\/\/www.heidrun-buecker.de\/wp-content\/uploads\/2010\/09\/IMG_9964-682x1024.jpg 682w, http:\/\/www.heidrun-buecker.de\/wp-content\/uploads\/2010\/09\/IMG_9964-200x300.jpg 200w, http:\/\/www.heidrun-buecker.de\/wp-content\/uploads\/2010\/09\/IMG_9964.jpg 800w\" sizes=\"(max-width: 245px) 100vw, 245px\" \/><\/a>Heidrun B\u00fccker, 1953 geboren, lebte mit ihrem Mann und den beiden erwachsenen T\u00f6chtern in Dorsten, NRW. Sie hat mit ihrem Ehemann gemeinsam Architektur studiert und ist seit 1978 selbstst\u00e4ndig.<\/p>\n<p>Mittlerweile haben ihre beiden T\u00f6chter, die ebenfalls das Studienfach Architektur w\u00e4hlten, das B\u00fcro \u00fcbernommen. Vor vier Jahren zog sie sich zeitweise zur\u00fcck, \u00a0um sich ihrem langgehegten Wunsch, Thriller und Krimis zu schreiben, zu widmen.<\/p>\n<p>Ausschlaggebend war ein gro\u00dfer Auftrag in Abu Dhabi. Mit\u00a0 zwei weiteren Architekturb\u00fcros schloss sie sich zu einer Architektengemeinschaft zusammen. Leider befand sich ein Betr\u00fcger, ein Deutscher, in ihrer Mitte. Die Erlebnisse, die sie zun\u00e4chst f\u00fcr die Staatsanwaltschaft niederschrieb, bildeten sp\u00e4ter die Grundlage f\u00fcr ihr erstes Buch.<\/p>\n<p>Auch nach dem pl\u00f6tzlichen Tod ihres Ehemannes schreibt B\u00fccker\u00a0 auf jeden Fall weiter. Sie \u00a0l\u00e4sst sich auch nicht durch einige anonyme Drohungen \u00a0davon abhalten.<\/p>\n<p>&#8222;Meine negativen Erlebnisse mit den \u00c4rzten, Krankenh\u00e4usern und verschiedenen Beh\u00f6rden sind in meinem neuen Buch &#8222;Skrupellos&#8220; beschrieben. Es ist ein Buch, dass ich eigentlich so nie schreiben wollte.<\/p>\n<p>Diese Ereignisse, die ich auf meine Protagonistin Vanessa bezogen habe, sind tats\u00e4chlich so passiert.<\/p>\n<p>Dieses Buch ist auch ein eindringlicher Rat an alle, gewisse Vorsorgen zu treffen, damit ihnen nicht das gleiche passiert wie Vanessa.\u00a0\u00a0Das neue\u00a0 Buch &#8222;Skrupellos&#8220; erscheint im November 2019<\/p>\n<p>&nbsp;<\/p>\n<p>Skrupellose Machenschaften bei Beh\u00f6rden, in Krankenh\u00e4usern und Banken<\/p>\n<p>&nbsp;<\/p>\n<p><img loading=\"lazy\" class=\"alignleft size-medium wp-image-1532\" src=\"http:\/\/www.heidrun-buecker.de\/wp-content\/uploads\/2020\/01\/Buch-11-Skrupellos-210x300.jpg\" alt=\"\" width=\"210\" height=\"300\" srcset=\"http:\/\/www.heidrun-buecker.de\/wp-content\/uploads\/2020\/01\/Buch-11-Skrupellos-210x300.jpg 210w, http:\/\/www.heidrun-buecker.de\/wp-content\/uploads\/2020\/01\/Buch-11-Skrupellos-768x1098.jpg 768w, http:\/\/www.heidrun-buecker.de\/wp-content\/uploads\/2020\/01\/Buch-11-Skrupellos-716x1024.jpg 716w, http:\/\/www.heidrun-buecker.de\/wp-content\/uploads\/2020\/01\/Buch-11-Skrupellos.jpg 1400w\" sizes=\"(max-width: 210px) 100vw, 210px\" \/><\/p>\n<p>&nbsp;<\/p>\n<p>&nbsp;<\/p>\n<p>&nbsp;<\/p>\n<p>&nbsp;<\/p>\n<p>&nbsp;<\/p>\n<p>&nbsp;<\/p>\n<p>&nbsp;<\/p>\n<p>&nbsp;<\/p>\n<p>&nbsp;<\/p>\n<p>&nbsp;<\/p>\n<p><img loading=\"lazy\" class=\"aligncenter size-medium wp-image-1512\" src=\"http:\/\/www.heidrun-buecker.de\/wp-content\/uploads\/2018\/09\/IMG_0567-225x300.jpg\" alt=\"\" width=\"225\" height=\"300\" srcset=\"http:\/\/www.heidrun-buecker.de\/wp-content\/uploads\/2018\/09\/IMG_0567-225x300.jpg 225w, http:\/\/www.heidrun-buecker.de\/wp-content\/uploads\/2018\/09\/IMG_0567-768x1024.jpg 768w\" sizes=\"(max-width: 225px) 100vw, 225px\" \/><\/p>\n<p>&nbsp;<\/p>\n<p>&nbsp;<\/p>\n<h2><strong>&#8222;Tanz mit dem Teufel&#8220;\u00a0<\/strong><\/h2>\n<p>Was geschah damals mit Delia? Vor zehn Jahren verschwanden sie und ihre kleine Tochter Leona spurlos. Delias Schwester Brenda hat die Suche nach den beiden noch l\u00e4ngst nicht aufgegeben. Pl\u00f6tzlich gibt es eine hei\u00dfe Spur: Delia war damals kriminellen Machenschaften auf die Schliche gekommen, die sich in ihrer Firma abgespielt hatten. Wurde sie und Leona deswegen aus dem Weg ger\u00e4umt?<\/p>\n<p>Brenda nutzt ihre Kontakte als ehemalige BKA Beamtin und ermittelt auf eigene Faust. Unterst\u00fctzung erh\u00e4lt sie von einer ungew\u00f6hnlichen Gruppe, die ihre ganz eigenen au\u00dfergew\u00f6hnlichen F\u00e4higkeiten einsetzt, um die Gegner schachmatt zu setzen. Der Tanz mit dem Teufel beginnt&#8230;<\/p>\n<p>&nbsp;<\/p>\n<h2><strong>&#8222;Gnadenlos&#8220;\u00a0\u00a0<\/strong><\/h2>\n<p>Gewalt gegen Frauen, ein heikles Thema.\u00a0 Man sollte sich nicht alles gefallen lassen.<\/p>\n<p>Wehren Sie sich &#8211; gnadenlos &#8211; wie es die Protagonistinnen im Thriller &#8222;Gnadenlos&#8220; vormachen. Gemeinsam geht es.<strong>\u00a0 <\/strong><\/p>\n<p>&nbsp;<\/p>\n<p>W\u00e4hrend ihrer Ehe mit dem angesehenen Gesch\u00e4ftsmann Julius Althofer durchlebt Nina zu Hause ein Martyrium &#8211; bis sie eines Tages wie vom Erdboden verschwunden ist.<\/p>\n<p>Zehn Jahre sp\u00e4ter soll sie f\u00fcr Tod erkl\u00e4rt werden, doch dann tauchen pl\u00f6tzlich Nachrichten von ihr auf, in denen sie mit der Vergangenheit gnadenlos abrechnet. Als jedoch die \u00dcberreste von Ninas Leiche im Garten der Althofers gefunden werden, ist das Verwirrspiel perfekt. Was ist damals wirklich passiert und wer steckt mit dem Ehemann noch unter einer Decke?<\/p>\n<p>Die Polizei und die toughe Rechtsanw\u00e4ltin Lydia Feldmann k\u00e4mpfen schlie\u00dflich erbittert um die Wahrheit und f\u00fcr eine gerechte Bestrafung der T\u00e4ter.<\/p>\n<p>&nbsp;<\/p>\n<h3><\/h3>\n<h3>&#8222;Wenn der Morgen kommt&#8220;<\/h3>\n<p>Ein Thriller, dessen raffinierte Wendungen den Leser bis zum Schluss in Atem halten.<\/p>\n<p>Elena f\u00fchrt ein\u00a0abenteuerliches \u00a0Leben bis sie von ihrer Vergangenheit eingeholt wird. Um das Leben ihrer Tochter zu retten,\u00a0ist sie gezwungen\u00a0sich in das Lager des Feindes zu\u00a0 begeben, zu ihrem Exmann, einem arabischen F\u00fcrsten, der zwanzig Jahre zuvor versucht hatte\u00a0 sie umzubringen. Er ahnt nicht, dass sie und ihre Tochter \u00fcberlebt haben.<\/p>\n<p>Sie muss einen k\u00fchlen Kopf bewahren, um\u00a0in dem \u00a0t\u00f6dlichen Kampf um Macht und Politik zu erkennen, wer Freund und wer Feind ist.<\/p>\n<p>&nbsp;<\/p>\n<h3>&#8222;Der kalte Hauch der Rache&#8220;<\/h3>\n<p>Die Fortsetzung des\u00a0Krimis: &#8222;Spiel, Satz und Sieg &#8211;\u00a0f\u00fcr die Dame&#8220;\u00a0\u00a0 ist erschienen. Wieder ein Thriller, wieder teuflisch gut, knallhart, rasant und spannend &#8211;\u00a0 liegt es vielleicht daran, dass die Protagonistin Julia Hilfe aus dem Jenseits hat?\u00a0 Ab sofort im Handel erh\u00e4ltlich.<\/p>\n<p><strong>Erschienen im M\u00e4rz 2009:<\/strong><\/p>\n<p>Das Buch <strong>\u201eJumping Jack\u201c<\/strong> beruht zum Teil auf wahre Begebenheiten und Erlebnisse, die Heidrun B\u00fccker, leicht abgewandelt, in einem Buch ver\u00f6ffentlichte.<\/p>\n<p>In Heidrun B\u00fcckers B\u00fcchern, die nicht nur in Deutschland spielen, erf\u00e4hrt man auch sehr viel \u00fcber den Orient, besonders \u00fcber das Leben in den Emiraten. Aber auch \u00c4gypten, Jordanien und Marokko sind erlebnisreiche Bestandteile in den Krimis.<\/p>\n<p>In dem zweiten Buch <strong>\u201eGo Down &#8211; Lauras Rache\u201c<\/strong> erf\u00e4hrt man zudem einiges \u00fcber El Salvador.<\/p>\n<p><strong>Erschienen im M\u00e4rz 2010:<\/strong><\/p>\n<p>Das zweite Buch, <strong>\u201eGo Down \u2013 Lauras Rache\u201c<\/strong> ist dagegen ein fiktiver Roman.<\/p>\n<blockquote><p>\u201eEs ist herrlich, in Gedanken und in\u00a0meinen\u00a0Thrillern die B\u00f6sewichte ausschalten zu k\u00f6nnen, mit nicht ganz legalen Mitteln \u2013 und man wird daf\u00fcr nicht bestraft.\u201c<\/p><\/blockquote>\n<p>Das zweite Buch erhielt positive Rezensionen, bei: \u201eDeutsche-Krimi-Autoren\u201c und &#8222;RoterDorn&#8220;.<\/p>\n<p><a href=\"http:\/\/www.deutsche-krimi-autoren.de\">www.deutsche-krimi-autoren.de<\/a><\/p>\n<p>Erschienen im Juli 2011 &#8211; Schardt Verlag:<\/p>\n<p>Ab sofort im Handel:<\/p>\n<p><strong>&#8222;Verschwunden&#8220;<\/strong><\/p>\n<p>In ihrem dritten Buch <strong>\u201eVerschwunden&#8220;<\/strong>, arbeitete sie an ihren ersten Krimiversuchen weiter, die sie als Sch\u00fclerin der privaten Klosterschule St. Ursula, begonnen hatte.<\/p>\n<p>Erschienen im Dezember 2011<\/p>\n<p>Ab sofort im Handel: der atemberaubende, mystische Thriller:<\/p>\n<h1><strong>Spiel, Satz und Sieg &#8212; <\/strong><span style=\"font-size: xx-small;\"><strong>f\u00fcr die Dame<br \/>\n<\/strong><\/span><\/h1>\n<p>Gruselig, spannend, geheimnisvoll<\/p>\n<p>Eine Leseprobe finden Sie unter der Rubrik<\/p>\n<p><strong>&#8222;B\u00fccher&#8220;.<\/strong><\/p>\n<p>In allen Krimis finden wir eine intelligente Frau&#8230; und nat\u00fcrlich Mord, eine Leiche, und viele Ungereimtheiten.<\/p>\n<p>Die Protagonistin arbeitet sich mit Wissen voran, findet Hilfe von Familie und Freunden, handelt, ist nicht \u00e4ngstlich und kommt so den Geheimnissen oder M\u00f6rdern auf die Spur.<\/p>\n<blockquote><p>\u201eDa ich stets St\u00e4rke zeigen musste, ob im Berufsleben, oder im Ausland, also im Orient, projeziere ich diese Willenskraft stets auf meine Protagonistinnen. In dieser reinen M\u00e4nnerwelt des Orients, erarbeitet man sich Anerkennung nur m\u00fchsam und das auch nur wenn man \u00fcber ein gewisses Fachwissen verf\u00fcgt und die Menschen in anderen, fernen L\u00e4ndern akzeptiert und toleriert.\u201c<\/p><\/blockquote>\n<p>Eine Fortsetzung dieses m\u00f6rderisch atemberaubenden und trotzdem mystischen\u00a0Thrillers erschien im Dezember\u00a0\u00a0\u00a02012\u00a0 unter dem Titel:<\/p>\n<blockquote>\n<h2><strong>&#8222;Der kalte Hauch der Rache&#8220;<\/strong><\/h2>\n<p>&nbsp;<\/p>\n<p>Ein weiteres Buch ist fertig und erscheint im Dezember 2013:<\/p><\/blockquote>\n<h2>\u201e<strong>Wenn der morgen kommt\u2026\u201c<\/strong><\/h2>\n<p>Auch hier wieder zwei Frauen, Mutter und Tochter, die versuchen ihren Weg zu gehen und leider auf ganz ungew\u00f6hnliche Art ihren Lebensunterhalt bestreiten\u2026..<\/p>\n<p>Der\u00a0 teuflisch\u00a0dramatische \u00a0Thriller spielt in England,\u00a0 im Orient und ist nur etwas f\u00fcr starke Nerven!<\/p>\n<p><strong>Spannung garantiert!<\/strong><\/p>\n<blockquote><p>\u201eIch hoffe, meine gedanklichen Abschweifungen in die Vergangenheit, ob Tr\u00e4ume oder R\u00fcckblenden, gestalten die Krimis interessant und spannend.&#8220;<\/p><\/blockquote>\n<p>Heidrun B\u00fcckers B\u00fccher eignen sich perfekt als spannende und teilweise vergn\u00fcgliche Urlaubslekt\u00fcren.<\/p>\n<p><strong>Siehe auch unter \u00a0Lesungen<\/strong><\/p>\n<p>&nbsp;<\/p>\n<p>Dorsten hat Cornelia Funke, aber Holsterhausen hat Heidrun B\u00fccker<\/p>\n<p>N\u00e4here Informationen:<\/p>\n<p><a href=\"http:\/\/www.holstina.de\/ereignisse_11.html#_buecker\" target=\"_blank\" rel=\"noopener\">\u201chttp:\/\/www.holstina.de\/aktuell\/ereignisse_12.html<\/a><a href=\"http:\/\/www.holstina.de\/ereignisse_11.html#_buecker\" target=\"_blank\" rel=\"noopener\">#_buchlesung_buecker\u201d<\/a><\/p>\n<p><!-- Beginn Counter-Up.de Code - \u00c4nderungen f\u00fchren zu L\u00f6schung --><\/p>\n<p><span style=\"font-family: Arial; font-size: xx-small;\"><a href=\"http:\/\/www.heidrun-buecker.de\/?page_id=2\">Krimi Autorin<\/a> <\/span><br \/>\n<!-- Ende Counter-Up.de Code --><\/p>\n<p><object width=\"164\" height=\"25\" classid=\"clsid:d27cdb6e-ae6d-11cf-96b8-444553540000\" codebase=\"http:\/\/download.macromedia.com\/pub\/shockwave\/cabs\/flash\/swflash.cab#version=6,0,40,0\"><param name=\"src\" value=\"http:\/\/www.heidrun-buecker.de\/wp-content\/uploads\/2010\/09\/Agathe_1.mp3\" \/><embed width=\"164\" height=\"25\" type=\"application\/x-shockwave-flash\" src=\"http:\/\/www.heidrun-buecker.de\/wp-content\/uploads\/2010\/09\/Agathe_1.mp3\" \/><\/object><\/p>\n","protected":false},"excerpt":{"rendered":"<p>Heidrun B\u00fccker, 1953 geboren, lebte mit ihrem Mann und den beiden erwachsenen T\u00f6chtern in Dorsten, NRW. Sie hat mit ihrem Ehemann gemeinsam Architektur studiert und ist seit 1978 selbstst\u00e4ndig. Mittlerweile haben ihre beiden T\u00f6chter, die ebenfalls das Studienfach Architektur w\u00e4hlten, das B\u00fcro \u00fcbernommen. Vor vier Jahren zog sie sich zeitweise zur\u00fcck, \u00a0um sich ihrem langgehegten [&hellip;]<\/p>\n","protected":false},"author":1,"featured_media":0,"parent":0,"menu_order":0,"comment_status":"closed","ping_status":"closed","template":"","meta":[],"_links":{"self":[{"href":"http:\/\/www.heidrun-buecker.de\/index.php?rest_route=\/wp\/v2\/pages\/2"}],"collection":[{"href":"http:\/\/www.heidrun-buecker.de\/index.php?rest_route=\/wp\/v2\/pages"}],"about":[{"href":"http:\/\/www.heidrun-buecker.de\/index.php?rest_route=\/wp\/v2\/types\/page"}],"author":[{"embeddable":true,"href":"http:\/\/www.heidrun-buecker.de\/index.php?rest_route=\/wp\/v2\/users\/1"}],"replies":[{"embeddable":true,"href":"http:\/\/www.heidrun-buecker.de\/index.php?rest_route=%2Fwp%2Fv2%2Fcomments&post=2"}],"version-history":[{"count":111,"href":"http:\/\/www.heidrun-buecker.de\/index.php?rest_route=\/wp\/v2\/pages\/2\/revisions"}],"predecessor-version":[{"id":1536,"href":"http:\/\/www.heidrun-buecker.de\/index.php?rest_route=\/wp\/v2\/pages\/2\/revisions\/1536"}],"wp:attachment":[{"href":"http:\/\/www.heidrun-buecker.de\/index.php?rest_route=%2Fwp%2Fv2%2Fmedia&parent=2"}],"curies":[{"name":"wp","href":"https:\/\/api.w.org\/{rel}","templated":true}]}}