{"id":10,"date":"2010-09-23T16:13:14","date_gmt":"2010-09-23T16:13:14","guid":{"rendered":"http:\/\/www.heidrun-buecker.de\/?page_id=10"},"modified":"2022-10-26T23:12:25","modified_gmt":"2022-10-26T21:12:25","slug":"kontakt","status":"publish","type":"page","link":"http:\/\/www.heidrun-buecker.de\/?page_id=10","title":{"rendered":"Kontakt und Impressum"},"content":{"rendered":"<p><strong>Betreiberin dieser Webseite:<\/strong><br \/>\nHeidrun B\u00fccker<br \/>\nSchwickingsfeld 20<br \/>\n46282 Dorsten<\/p>\n<p><strong>E-Mail:<\/strong> heidrunbuecker@web.de<br \/>\n<strong>V.i.S.d.P. + verantwortlich gem\u00e4\u00df \u00a7 10 Absatz 3 MDStV:<\/strong> Heidrun B\u00fccker<\/p>\n<p><strong>Rechtliche Hinweise<\/strong><\/p>\n<p>Wir pr\u00fcfen und aktualisieren die Informationen auf den von uns eingestellten Seiten regelm\u00e4\u00dfig. Trotz aller Sorgfalt k\u00f6nnen sich die dortigen Angaben aber zwischenzeitlich ver\u00e4ndern. Eine Haftung oder Garantie f\u00fcr die Aktualit\u00e4t, Richtigkeit und Vollst\u00e4ndigkeit der in unserem Blog zur Verf\u00fcgung gestellten Informationen kann daher nicht \u00fcbernommen werden. Gleiches gilt auch f\u00fcr alle anderen Webseiten, auf die mittels Hyperlink verwiesen wird. Heidrun B\u00fccker ist f\u00fcr den Inhalt der Webseiten, die aufgrund einer solchen Verbindung erreicht werden, nicht verantwortlich. Aufgrund der Vielzahl der auf unserer Seite eingestellten Kommentare k\u00f6nnen wir diese nicht regelm\u00e4\u00dfig \u00fcberpr\u00fcfen. Wir behalten uns das Recht vor, \u00c4nderungen oder Erg\u00e4nzungen der Kommentare vorzunehmen oder auch einen Kommentar ganz zu l\u00f6schen, insbesondere wenn wir Beanstandungen erhalten.<\/p>\n<p>Inhalt und Struktur der Webseiten sind urheberrechtlich gesch\u00fctzt. Die kommerzielle Vervielf\u00e4ltigung von Informationen oder Daten, insbesondere die kommerzielle Verwendung von Texten, Textteilen oder Bildmaterial der von uns eingestellten Blogs bedarf unserer vorherigen Zustimmung. F\u00fcr die \u00dcbernahme von Texten, Textteilen oder Bildmaterial Dritter, beispielsweise in unserer Speaker\u2019s Corner oder bei den Kommentaren wenden Sie sich bitte an den jeweiligen Autor.<\/p>\n<p><strong>Datenschutz<\/strong><\/p>\n<p>Die Kommentierung dieser Homepage ist ohne Angabe von personenbezogenen Daten m\u00f6glich. Sofern Sie freiwillig Angaben zu Ihrem Namen, Ihrer URL und Ihrer E-Mail-Adresse machen, verwenden wir diese Daten nur, soweit dies erforderlich ist, um Sie zu identifizieren, den Beginn und das Ende sowie den Umfang der Nutzung unserer Angebote festzuhalten. Eine dar\u00fcber hinausgehende Verwendung, insbesondere f\u00fcr die Erstellung von Nutzungsprofilen oder Marketingma\u00dfnahmen findet durch uns nicht statt. Sollten wir in der Zukunft einmal zus\u00e4tzliche Dienste oder Leistungen bereithalten, werden wir allgemein auf unserer Webseite dar\u00fcber informieren und Sie bitten, sich daf\u00fcr noch einmal gesondert anzumelden.<\/p>\n<p>Diese Webseite wird betreut durch die Firma <a title=\"Media8 IT\" href=\"http:\/\/www.media8.de\/\">Media8 IT<\/a> \/ <a title=\"Computer Bottrop\" href=\"http:\/\/www.media8.de\/\">Computer Bottrop<\/a><\/p>\n","protected":false},"excerpt":{"rendered":"<p>Betreiberin dieser Webseite: Heidrun B\u00fccker Schwickingsfeld 20 46282 Dorsten E-Mail: heidrunbuecker@web.de V.i.S.d.P. + verantwortlich gem\u00e4\u00df \u00a7 10 Absatz 3 MDStV: Heidrun B\u00fccker Rechtliche Hinweise Wir pr\u00fcfen und aktualisieren die Informationen auf den von uns eingestellten Seiten regelm\u00e4\u00dfig. Trotz aller Sorgfalt k\u00f6nnen sich die dortigen Angaben aber zwischenzeitlich ver\u00e4ndern. Eine Haftung oder Garantie f\u00fcr die Aktualit\u00e4t, [&hellip;]<\/p>\n","protected":false},"author":1,"featured_media":0,"parent":0,"menu_order":0,"comment_status":"closed","ping_status":"closed","template":"","meta":[],"_links":{"self":[{"href":"http:\/\/www.heidrun-buecker.de\/index.php?rest_route=\/wp\/v2\/pages\/10"}],"collection":[{"href":"http:\/\/www.heidrun-buecker.de\/index.php?rest_route=\/wp\/v2\/pages"}],"about":[{"href":"http:\/\/www.heidrun-buecker.de\/index.php?rest_route=\/wp\/v2\/types\/page"}],"author":[{"embeddable":true,"href":"http:\/\/www.heidrun-buecker.de\/index.php?rest_route=\/wp\/v2\/users\/1"}],"replies":[{"embeddable":true,"href":"http:\/\/www.heidrun-buecker.de\/index.php?rest_route=%2Fwp%2Fv2%2Fcomments&post=10"}],"version-history":[{"count":9,"href":"http:\/\/www.heidrun-buecker.de\/index.php?rest_route=\/wp\/v2\/pages\/10\/revisions"}],"predecessor-version":[{"id":1604,"href":"http:\/\/www.heidrun-buecker.de\/index.php?rest_route=\/wp\/v2\/pages\/10\/revisions\/1604"}],"wp:attachment":[{"href":"http:\/\/www.heidrun-buecker.de\/index.php?rest_route=%2Fwp%2Fv2%2Fmedia&parent=10"}],"curies":[{"name":"wp","href":"https:\/\/api.w.org\/{rel}","templated":true}]}}